{"id":1100,"date":"2023-07-23T12:45:41","date_gmt":"2023-07-23T10:45:41","guid":{"rendered":"https:\/\/innairport-transfer.com\/?page_id=1100"},"modified":"2024-10-18T14:07:55","modified_gmt":"2024-10-18T12:07:55","slug":"faqs","status":"publish","type":"page","link":"https:\/\/innairport-transfer.com\/de\/faqs\/","title":{"rendered":"Faq&#8217;s"},"content":{"rendered":"<section class=\"wpb-content-wrapper\"><div class=\"wpdl-notice-wrap\"><\/div>\n<div class=\"vc_row wpb_row vc_row-fluid\"><div class=\"wpb_column vc_column_container vc_col-sm-12\"><div class=\"vc_column-inner\"><div class=\"wpb_wrapper\">\n\t<div class=\"wpb_text_column wpb_content_element\" >\n\t\t<div class=\"wpb_wrapper\">\n\t\t\t<h2>FAQ&#8217;s<\/h2>\n\n\t\t<\/div>\n\t<\/div>\n\n\t<div class=\"wpb_text_column wpb_content_element\" >\n\t\t<div class=\"wpb_wrapper\">\n\t\t\t<p>Hier finden Sie die h\u00e4ufigsten Fragen unserer Kunden.<\/p>\n\n\t\t<\/div>\n\t<\/div>\n\n\t<div class=\"wpb_text_column wpb_content_element\" >\n\t\t<div class=\"wpb_wrapper\">\n\t\t\t<p>H\u00e4ufige Fragen zum Flughafentransfer<\/p>\n\n\t\t<\/div>\n\t<\/div>\n<div class=\"vc_tta-container\" data-vc-action=\"collapse\"><div class=\"vc_general vc_tta vc_tta-accordion vc_tta-color-grey vc_tta-style-classic vc_tta-shape-rounded vc_tta-o-shape-group vc_tta-controls-align-left\"><div class=\"vc_tta-panels-container\"><div class=\"vc_tta-panels\"><div class=\"vc_tta-panel vc_active\" id=\"1690109675182-3e5e2599-9298\" data-vc-content=\".vc_tta-panel-body\"><div class=\"vc_tta-panel-heading\"><h4 class=\"vc_tta-panel-title vc_tta-controls-icon-position-left\"><a href=\"#1690109675182-3e5e2599-9298\" data-vc-accordion data-vc-container=\".vc_tta-container\"><span class=\"vc_tta-title-text\">Was kann ich tun, falls ich nicht abgeholt werde?<\/span><i class=\"vc_tta-controls-icon vc_tta-controls-icon-plus\"><\/i><\/a><\/h4><\/div><div class=\"vc_tta-panel-body\">\n\t<div class=\"wpb_text_column wpb_content_element\" >\n\t\t<div class=\"wpb_wrapper\">\n\t\t\t<p>Falls dieser \u00e4u\u00dferst ungew\u00f6hnliche Fall eintreten sollte, bitten wir Sie h\u00f6flich, uns telefonisch zu informieren. Seien Sie versichert, dass wir uns darum bem\u00fchen werden, Ihr Problem so schnell wie m\u00f6glich zu l\u00f6sen.<\/p>\n\n\t\t<\/div>\n\t<\/div>\n\n\t<div class=\"wpb_text_column wpb_content_element\" >\n\t\t<div class=\"wpb_wrapper\">\n\t\t\t<p>H\u00e4ufige Fragen zum Flughafentransfer<\/p>\n\n\t\t<\/div>\n\t<\/div>\n<\/div><\/div><div class=\"vc_tta-panel\" id=\"1690109782942-a7013724-d826\" data-vc-content=\".vc_tta-panel-body\"><div class=\"vc_tta-panel-heading\"><h4 class=\"vc_tta-panel-title vc_tta-controls-icon-position-left\"><a href=\"#1690109782942-a7013724-d826\" data-vc-accordion data-vc-container=\".vc_tta-container\"><span class=\"vc_tta-title-text\">Wie finde ich meinen Fahrer?<\/span><i class=\"vc_tta-controls-icon vc_tta-controls-icon-plus\"><\/i><\/a><\/h4><\/div><div class=\"vc_tta-panel-body\">\n\t<div class=\"wpb_text_column wpb_content_element\" >\n\t\t<div class=\"wpb_wrapper\">\n\t\t\t<p>Ihr Fahrer erwartet Sie im Ankunftsbereich des Flughafens und wird ein Schild mit Ihrem Namen tragen. Wenn Sie von Ihrem Hotel abgeholt werden m\u00f6chten, wird Ihr Fahrer Sie an der Hotelrezeption abrufen.<\/p>\n\n\t\t<\/div>\n\t<\/div>\n<\/div><\/div><div class=\"vc_tta-panel\" id=\"1690109675183-18322db9-23a5\" data-vc-content=\".vc_tta-panel-body\"><div class=\"vc_tta-panel-heading\"><h4 class=\"vc_tta-panel-title vc_tta-controls-icon-position-left\"><a href=\"#1690109675183-18322db9-23a5\" data-vc-accordion data-vc-container=\".vc_tta-container\"><span class=\"vc_tta-title-text\">Muss ich bei der Buchung eine Kreditkarte angeben?<\/span><i class=\"vc_tta-controls-icon vc_tta-controls-icon-plus\"><\/i><\/a><\/h4><\/div><div class=\"vc_tta-panel-body\">\n\t<div class=\"wpb_text_column wpb_content_element\" >\n\t\t<div class=\"wpb_wrapper\">\n\t\t\t<p>Eine Kreditkarte ist bei der Buchung unserer Angebote nicht erforderlich. Bitte zahlen Sie dem Fahrer in bar oder mit Kreditkarte, wenn Sie Ihre Reise beginnen.<\/p>\n\n\t\t<\/div>\n\t<\/div>\n<\/div><\/div><div class=\"vc_tta-panel\" id=\"1690109847624-a014b3a2-44e9\" data-vc-content=\".vc_tta-panel-body\"><div class=\"vc_tta-panel-heading\"><h4 class=\"vc_tta-panel-title vc_tta-controls-icon-position-left\"><a href=\"#1690109847624-a014b3a2-44e9\" data-vc-accordion data-vc-container=\".vc_tta-container\"><span class=\"vc_tta-title-text\">Wie kann ich meinen Transfer buchen?<\/span><i class=\"vc_tta-controls-icon vc_tta-controls-icon-plus\"><\/i><\/a><\/h4><\/div><div class=\"vc_tta-panel-body\">\n\t<div class=\"wpb_text_column wpb_content_element\" >\n\t\t<div class=\"wpb_wrapper\">\n\t\t\t<p>Einen Transfer zu buchen ist sehr einfach. Sie k\u00f6nnen entweder unseren Online-Buchungsservice nutzen oder die 24-Stunden-Telefonhotline anrufen, um Ihren Transfer zu buchen.<\/p>\n\n\t\t<\/div>\n\t<\/div>\n<\/div><\/div><\/div><\/div><\/div><\/div><\/div><\/div><\/div><\/div><div data-vc-full-width=\"true\" data-vc-full-width-init=\"false\" class=\"vc_row wpb_row vc_row-fluid vc_custom_1729251879049 vc_row-has-fill\"><div class=\"wpb_column vc_column_container vc_col-sm-12\"><div class=\"vc_column-inner\"><div class=\"wpb_wrapper\">\n\t<div class=\"wpb_text_column wpb_content_element\" >\n\t\t<div class=\"wpb_wrapper\">\n\t\t\t<h2>All questions answered?<br \/>\nThen go ahead and book your airport taxi now.<\/h2>\n\n\t\t<\/div>\n\t<\/div>\n<div class=\"vc_btn3-container vc_btn3-inline\" ><a class=\"vc_general vc_btn3 vc_btn3-size-md vc_btn3-shape-rounded vc_btn3-style-modern vc_btn3-color-grey\" href=\"https:\/\/innairport-transfer.com\/de\/#reservation_body\" title=\"\">Jetzt buchen<\/a><\/div><\/div><\/div><\/div><\/div><div class=\"vc_row-full-width vc_clearfix\"><\/div><div class=\"vc_row wpb_row vc_row-fluid\"><div class=\"wpb_column vc_column_container vc_col-sm-12\"><div class=\"vc_column-inner\"><div class=\"wpb_wrapper\"><\/div><\/div><\/div><\/div>\n<\/section>","protected":false},"excerpt":{"rendered":"FAQ's Here you will find the most frequently asked questions from our customers. Frequently Asked Questions about Airport Transfer What to do if I do not get picked up? If this very unusual case should occur, we request you to inform us by phone. We will work on solving your problem as quickly as possible. [...]","protected":false},"author":1,"featured_media":0,"parent":0,"menu_order":0,"comment_status":"closed","ping_status":"closed","template":"","meta":{"footnotes":""},"class_list":["post-1100","page","type-page","status-publish","hentry"],"yoast_head":"<!-- This site is optimized with the Yoast SEO Premium plugin v21.7 (Yoast SEO v21.7) - https:\/\/yoast.com\/wordpress\/plugins\/seo\/ -->\n<title>Faq&#039;s | Innsbruck Airport Transfer<\/title>\n<meta name=\"description\" content=\"In our Frequently Asked Questions FAQs section you can find quick and effective answers to your queries. For more information contact with us\" \/>\n<meta name=\"robots\" content=\"index, follow, max-snippet:-1, max-image-preview:large, max-video-preview:-1\" \/>\n<link rel=\"canonical\" href=\"https:\/\/innairport-transfer.com\/de\/faqs\/\" \/>\n<meta property=\"og:locale\" content=\"de_DE\" \/>\n<meta property=\"og:type\" content=\"article\" \/>\n<meta property=\"og:title\" content=\"Faq&#039;s\" \/>\n<meta property=\"og:description\" content=\"Innsbruck Airport Transfer | INN Airport Transfer\" \/>\n<meta property=\"og:url\" content=\"https:\/\/innairport-transfer.com\/de\/faqs\/\" \/>\n<meta property=\"og:site_name\" content=\"Innsbruck Airport Transfer\" \/>\n<meta property=\"article:modified_time\" content=\"2024-10-18T12:07:55+00:00\" \/>\n<meta property=\"og:image\" content=\"https:\/\/innairport-transfer.com\/wp-content\/uploads\/2023\/07\/logo-1.png\" \/>\n\t<meta property=\"og:image:width\" content=\"1581\" \/>\n\t<meta property=\"og:image:height\" content=\"1171\" \/>\n\t<meta property=\"og:image:type\" content=\"image\/png\" \/>\n<meta name=\"twitter:card\" content=\"summary_large_image\" \/>\n<meta name=\"twitter:label1\" content=\"Gesch\u00e4tzte Lesezeit\" \/>\n\t<meta name=\"twitter:data1\" content=\"2\u00a0Minuten\" \/>\n<script type=\"application\/ld+json\" class=\"yoast-schema-graph\">{\"@context\":\"https:\/\/schema.org\",\"@graph\":[{\"@type\":\"WebPage\",\"@id\":\"https:\/\/innairport-transfer.com\/faqs\/\",\"url\":\"https:\/\/innairport-transfer.com\/faqs\/\",\"name\":\"Faq's | Innsbruck Airport Transfer\",\"isPartOf\":{\"@id\":\"https:\/\/innairport-transfer.com\/#website\"},\"datePublished\":\"2023-07-23T10:45:41+00:00\",\"dateModified\":\"2024-10-18T12:07:55+00:00\",\"description\":\"In our Frequently Asked Questions FAQs section you can find quick and effective answers to your queries. For more information contact with us\",\"breadcrumb\":{\"@id\":\"https:\/\/innairport-transfer.com\/faqs\/#breadcrumb\"},\"inLanguage\":\"de\",\"potentialAction\":[{\"@type\":\"ReadAction\",\"target\":[\"https:\/\/innairport-transfer.com\/faqs\/\"]}]},{\"@type\":\"BreadcrumbList\",\"@id\":\"https:\/\/innairport-transfer.com\/faqs\/#breadcrumb\",\"itemListElement\":[{\"@type\":\"ListItem\",\"position\":1,\"name\":\"Anasayfa\",\"item\":\"https:\/\/innairport-transfer.com\/\"},{\"@type\":\"ListItem\",\"position\":2,\"name\":\"Faq&#8217;s\"}]},{\"@type\":\"WebSite\",\"@id\":\"https:\/\/innairport-transfer.com\/#website\",\"url\":\"https:\/\/innairport-transfer.com\/\",\"name\":\"Innsbruck Airport Transfer\",\"description\":\"Innsbruck Airport Transfer | Seamless Innsbruck Airport Taxi\",\"publisher\":{\"@id\":\"https:\/\/innairport-transfer.com\/#organization\"},\"potentialAction\":[{\"@type\":\"SearchAction\",\"target\":{\"@type\":\"EntryPoint\",\"urlTemplate\":\"https:\/\/innairport-transfer.com\/?s={search_term_string}\"},\"query-input\":\"required name=search_term_string\"}],\"inLanguage\":\"de\"},{\"@type\":\"Organization\",\"@id\":\"https:\/\/innairport-transfer.com\/#organization\",\"name\":\"Innsbruck Airport Transfer\",\"alternateName\":\"Flughafentransfer\",\"url\":\"https:\/\/innairport-transfer.com\/\",\"logo\":{\"@type\":\"ImageObject\",\"inLanguage\":\"de\",\"@id\":\"https:\/\/innairport-transfer.com\/#\/schema\/logo\/image\/\",\"url\":\"https:\/\/innairport-transfer.com\/wp-content\/uploads\/2023\/07\/logo-1.png\",\"contentUrl\":\"https:\/\/innairport-transfer.com\/wp-content\/uploads\/2023\/07\/logo-1.png\",\"width\":1581,\"height\":1171,\"caption\":\"Innsbruck Airport Transfer\"},\"image\":{\"@id\":\"https:\/\/innairport-transfer.com\/#\/schema\/logo\/image\/\"}}]}<\/script>\n<!-- \/ Yoast SEO Premium plugin. -->","yoast_head_json":{"title":"Faq's | Innsbruck Airport Transfer","description":"In our Frequently Asked Questions FAQs section you can find quick and effective answers to your queries. For more information contact with us","robots":{"index":"index","follow":"follow","max-snippet":"max-snippet:-1","max-image-preview":"max-image-preview:large","max-video-preview":"max-video-preview:-1"},"canonical":"https:\/\/innairport-transfer.com\/de\/faqs\/","og_locale":"de_DE","og_type":"article","og_title":"Faq's","og_description":"Innsbruck Airport Transfer | INN Airport Transfer","og_url":"https:\/\/innairport-transfer.com\/de\/faqs\/","og_site_name":"Innsbruck Airport Transfer","article_modified_time":"2024-10-18T12:07:55+00:00","og_image":[{"width":1581,"height":1171,"url":"https:\/\/innairport-transfer.com\/wp-content\/uploads\/2023\/07\/logo-1.png","type":"image\/png"}],"twitter_card":"summary_large_image","twitter_misc":{"Gesch\u00e4tzte Lesezeit":"2\u00a0Minuten"},"schema":{"@context":"https:\/\/schema.org","@graph":[{"@type":"WebPage","@id":"https:\/\/innairport-transfer.com\/faqs\/","url":"https:\/\/innairport-transfer.com\/faqs\/","name":"Faq's | Innsbruck Airport Transfer","isPartOf":{"@id":"https:\/\/innairport-transfer.com\/#website"},"datePublished":"2023-07-23T10:45:41+00:00","dateModified":"2024-10-18T12:07:55+00:00","description":"In our Frequently Asked Questions FAQs section you can find quick and effective answers to your queries. For more information contact with us","breadcrumb":{"@id":"https:\/\/innairport-transfer.com\/faqs\/#breadcrumb"},"inLanguage":"de","potentialAction":[{"@type":"ReadAction","target":["https:\/\/innairport-transfer.com\/faqs\/"]}]},{"@type":"BreadcrumbList","@id":"https:\/\/innairport-transfer.com\/faqs\/#breadcrumb","itemListElement":[{"@type":"ListItem","position":1,"name":"Anasayfa","item":"https:\/\/innairport-transfer.com\/"},{"@type":"ListItem","position":2,"name":"Faq&#8217;s"}]},{"@type":"WebSite","@id":"https:\/\/innairport-transfer.com\/#website","url":"https:\/\/innairport-transfer.com\/","name":"Innsbruck Airport Transfer","description":"Innsbruck Airport Transfer | Seamless Innsbruck Airport Taxi","publisher":{"@id":"https:\/\/innairport-transfer.com\/#organization"},"potentialAction":[{"@type":"SearchAction","target":{"@type":"EntryPoint","urlTemplate":"https:\/\/innairport-transfer.com\/?s={search_term_string}"},"query-input":"required name=search_term_string"}],"inLanguage":"de"},{"@type":"Organization","@id":"https:\/\/innairport-transfer.com\/#organization","name":"Innsbruck Airport Transfer","alternateName":"Flughafentransfer","url":"https:\/\/innairport-transfer.com\/","logo":{"@type":"ImageObject","inLanguage":"de","@id":"https:\/\/innairport-transfer.com\/#\/schema\/logo\/image\/","url":"https:\/\/innairport-transfer.com\/wp-content\/uploads\/2023\/07\/logo-1.png","contentUrl":"https:\/\/innairport-transfer.com\/wp-content\/uploads\/2023\/07\/logo-1.png","width":1581,"height":1171,"caption":"Innsbruck Airport Transfer"},"image":{"@id":"https:\/\/innairport-transfer.com\/#\/schema\/logo\/image\/"}}]}},"_links":{"self":[{"href":"https:\/\/innairport-transfer.com\/de\/wp-json\/wp\/v2\/pages\/1100","targetHints":{"allow":["GET"]}}],"collection":[{"href":"https:\/\/innairport-transfer.com\/de\/wp-json\/wp\/v2\/pages"}],"about":[{"href":"https:\/\/innairport-transfer.com\/de\/wp-json\/wp\/v2\/types\/page"}],"author":[{"embeddable":true,"href":"https:\/\/innairport-transfer.com\/de\/wp-json\/wp\/v2\/users\/1"}],"replies":[{"embeddable":true,"href":"https:\/\/innairport-transfer.com\/de\/wp-json\/wp\/v2\/comments?post=1100"}],"version-history":[{"count":12,"href":"https:\/\/innairport-transfer.com\/de\/wp-json\/wp\/v2\/pages\/1100\/revisions"}],"predecessor-version":[{"id":6344,"href":"https:\/\/innairport-transfer.com\/de\/wp-json\/wp\/v2\/pages\/1100\/revisions\/6344"}],"wp:attachment":[{"href":"https:\/\/innairport-transfer.com\/de\/wp-json\/wp\/v2\/media?parent=1100"}],"curies":[{"name":"wp","href":"https:\/\/api.w.org\/{rel}","templated":true}]}}