{"id":1262,"date":"2023-08-26T23:52:07","date_gmt":"2023-08-26T21:52:07","guid":{"rendered":"https:\/\/innairport-transfer.com\/?page_id=1262"},"modified":"2023-12-28T16:01:48","modified_gmt":"2023-12-28T15:01:48","slug":"gtc-agb","status":"publish","type":"page","link":"https:\/\/innairport-transfer.com\/de\/gtc-agb\/","title":{"rendered":"GTC\/AGB"},"content":{"rendered":"<div class=\"wpdl-notice-wrap\"><\/div>\n<p>Allgemeine Gesch\u00e4ftsbedingungen (AGB) f\u00fcr Innairport Transfer<\/p>\n\n\n\n<p>Geltungsbereich und Vertragsabschluss<\/p>\n\n\n\n<p>Die von Innairport Transfer erbrachten Dienstleistungen unterliegen den folgenden Allgemeinen Gesch\u00e4ftsbedingungen (AGB), Leistungsbeschreibungen und Preislisten. Abweichungen von diesen Bedingungen finden keine Anwendung, selbst wenn Innairport Transfer diesen nicht ausdr\u00fccklich widerspricht. Abweichungen von diesen Bedingungen bed\u00fcrfen der ausdr\u00fccklichen schriftlichen Best\u00e4tigung von Innairport Transfer. Ein Vertrag gilt nur dann als g\u00fcltig, wenn er von Innairport Transfer best\u00e4tigt wird.<\/p>\n\n\n\n<p>Leistungsumfang<\/p>\n\n\n\n<p>Der Leistungsumfang wird ausschlie\u00dflich durch die schriftliche Auftragsbest\u00e4tigung von Innairport Transfer oder durch eine Tochtergesellschaft auf der Grundlage eines schriftlichen Angebots von Innairport Transfer bestimmt. Informationen in Prospekten, Leistungskatalogen, Preislisten und \u00e4hnlichen Dokumenten sind nur verbindlich, wenn ausdr\u00fccklich darauf Bezug genommen wird. Die Bef\u00f6rderung erfolgt gem\u00e4\u00df den Bestimmungen der Stra\u00dfenverkehrsordnung und dem Personenbef\u00f6rderungsgesetz (PbefG). Die Fahrg\u00e4ste sind verpflichtet, den Anweisungen von Innairport Transfer oder dem Chauffeur zu folgen. Bei Nichtbefolgung oder Gef\u00e4hrdung der Verkehrssicherheit hat Innairport Transfer das Recht, Fahrg\u00e4ste von der Bef\u00f6rderung auszuschlie\u00dfen. In solchen F\u00e4llen werden der volle Fahrpreis, der Festpreis oder der Kilometerpreis sowie alle zus\u00e4tzlichen Leistungen in Rechnung gestellt.<\/p>\n\n\n\n<p>Flughafenabholung<\/p>\n\n\n\n<p>\u00c4nderungen der vereinbarten Abholzeit m\u00fcssen unverz\u00fcglich Innairport Transfer mitgeteilt werden, unabh\u00e4ngig vom Grund der \u00c4nderung. Sch\u00e4den, die aufgrund versp\u00e4teter Benachrichtigung entstehen, gehen zu Lasten des Kunden.<\/p>\n\n\n\n<p>Preise<\/p>\n\n\n\n<p>Die Preise beinhalten die gesetzliche Mehrwertsteuer. Die verbindlichen Preise sind jene am Tag der Buchungsbest\u00e4tigung. Preise, die nicht aufgef\u00fchrt sind, m\u00fcssen schriftlich vereinbart werden und gelten nur f\u00fcr das vereinbarte Reisedatum und den Mietzeitraum. Zus\u00e4tzliche Zeiten und Entfernungen werden gem\u00e4\u00df der g\u00fcltigen Preisliste berechnet. Zus\u00e4tzliche Kosten aufgrund von Verz\u00f6gerungen gehen zu Lasten des Kunden, sofern die Verz\u00f6gerungen nicht von Innairport Transfer oder dem Chauffeur verursacht wurden. Der Transport von normalem Gep\u00e4ck ist im Preis inbegriffen; der Transport sperriger G\u00fcter erfordert eine gesonderte Vereinbarung.<\/p>\n\n\n\n<p>Zahlungsbedingungen<\/p>\n\n\n\n<p>Innairport Transfer kann vor Antritt der Reise eine Anzahlung von bis zu 100% des Gesamtpreises verlangen oder die Vorlage einer leeren Kreditkarte f\u00fcr eine g\u00fcltige Kreditkarte vor Annahme einer Bestellung fordern. Restzahlungen sind innerhalb der in der Rechnung genannten Fristen zur Zahlung f\u00e4llig. Zahlungen werden zur Begleichung der \u00e4ltesten offenen Forderung verwendet. Bei Zahlungsverzug berechnet Innairport Transfer Zinsen in H\u00f6he von 5 Prozentpunkten \u00fcber dem Basiszinssatz.<\/p>\n\n\n\n<p>Stornierung<\/p>\n\n\n\n<p>Stornierungen sind wirksam, wenn sie schriftlich erfolgen oder schriftlich von Innairport Transfer best\u00e4tigt werden. Stornierungen ohne Geb\u00fchren sind bis zu 24 Stunden vor Reisebeginn m\u00f6glich. Innairport Transfer wird eine Beteiligung am Grundpreis als Entsch\u00e4digung berechnen:<\/p>\n\n\n\n<p>50% bis zu 24 Stunden vor dem vertraglich vereinbarten Leistungsdatum und 100% bei sp\u00e4teren Stornierungen oder Nichterscheinen.<\/p>\n\n\n\n<p>Haftungsausschluss<\/p>\n\n\n\n<p>Innairport Transfer \u00fcbernimmt keine Haftung f\u00fcr Zeitverluste und wirtschaftliche Folgen, wie Verz\u00f6gerungen aufgrund von Verkehrsstaus, Fahrzeugausf\u00e4llen oder Witterungsbedingungen. Innairport Transfer haftet nicht f\u00fcr Sch\u00e4den, die durch fehlerhafte Daten\u00fcbertragung durch den Kunden verursacht werden.<\/p>\n\n\n\n<p>Anwendbares Recht und Gerichtsstand<\/p>\n\n\n\n<p>F\u00fcr s\u00e4mtliche rechtlichen Beziehungen zwischen Innairport Transfer und seinen Kunden gilt ausschlie\u00dflich \u00f6sterreichisches Recht. Gerichtsstand und Erf\u00fcllungsort ist Innsbruck.<\/p>\n\n\n\n<p>Teilnichtigkeit<\/p>\n\n\n\n<p>Sollten einzelne Bestimmungen dieser AGB unwirksam sein, bleiben die \u00fcbrigen Bestimmungen hiervon unber\u00fchrt.<br><br><\/p>\n\n\n\n<p>Kundenpflichten und Haftung<\/p>\n\n\n\n<p>Der Kunde ist verpflichtet, Innairport Transfer unverz\u00fcglich \u00fcber jegliche \u00c4nderungen seines Namens, seiner (Rechnungs-)Adresse, seiner Rechtsform und seiner Bankdaten zu informieren. Ebenso obliegt es dem Kunden, die notwendigen Informationen \u00fcber die Fahrg\u00e4ste, Zeit und Ort der Dienstleistung bereitzustellen. Sollte der Kunde nicht umgehend benachrichtigen, haftet er f\u00fcr Sch\u00e4den, die vermieden worden w\u00e4ren, wenn eine rechtzeitige Mitteilung erfolgt w\u00e4re. Der Kunde verpflichtet sich auch im Namen der Fahrg\u00e4ste dazu, den Service von Innairport Transfer nicht missbr\u00e4uchlich zu nutzen. Dies beinhaltet insbesondere:<\/p>\n\n\n\n<p>Die Beeintr\u00e4chtigung oder St\u00f6rung der Dienstleistung zu vermeiden<\/p>\n\n\n\n<p>Keinen Schaden zu verursachen<\/p>\n\n\n\n<p>Keine Strafgesetze zu verletzen<\/p>\n\n\n\n<p>Im Fahrzeug nicht zu rauchen<\/p>\n\n\n\n<p>Die Annahme des Fahrpreises nicht zu verweigern.<\/p>\n\n\n\n<p>Im Falle von Verst\u00f6\u00dfen gegen diese genannten Verpflichtungen ist Innairport Transfer berechtigt, alle erforderlichen Ma\u00dfnahmen zur Beendigung des Missbrauchs zu ergreifen. Bei schuldhafter Verletzung haftet der Kunde f\u00fcr Schadensersatzanspr\u00fcche gegen\u00fcber Innairport Transfer.<\/p>\n\n\n\n<p>Haftung<\/p>\n\n\n\n<p>Innairport Transfer \u00fcbernimmt keine Haftung f\u00fcr Zeitverluste und deren wirtschaftliche Folgen. Dazu geh\u00f6ren Verz\u00f6gerungen aufgrund von:<\/p>\n\n\n\n<p>Verkehrsstaus oder Stra\u00dfensperrungen<\/p>\n\n\n\n<p>Fahrzeugpannen oder Verkehrsunf\u00e4lle<\/p>\n\n\n\n<p>Schlechtem Wetter usw.<\/p>\n\n\n\n<p>Innairport Transfer haftet nicht f\u00fcr Sch\u00e4den, die dem Kunden oder den Fahrg\u00e4sten aufgrund fehlerhafter Daten\u00fcbermittlung durch den Kunden entstehen.<\/p>\n\n\n\n<p>Anwendbares Recht und Gerichtsstand<\/p>\n\n\n\n<p>F\u00fcr s\u00e4mtliche rechtlichen Beziehungen zwischen Innairport Transfer und dem Kunden gilt ausschlie\u00dflich \u00f6sterreichisches Recht. Gerichtsstand und Erf\u00fcllungsort ist Innsbruck.<\/p>\n\n\n\n<p>Teilnichtigkeit<\/p>\n\n\n\n<p>Falls eine oder mehrere der oben genannten Bedingungen unwirksam sein sollten, bleiben die \u00fcbrigen Bedingungen hiervon unber\u00fchrt.<\/p>","protected":false},"excerpt":{"rendered":"<p>Terms and Conditions (T&amp;C) for Innairport Transfer Scope and Conclusion of Contract The services provided by Innairport Transfer are governed by the following Terms and Conditions (T&amp;C), performance descriptions, and price lists. Deviations from these conditions will not apply, even if Innairport Transfer does not explicitly object to them. Deviations from these conditions require the [&hellip;]<\/p>","protected":false},"author":1,"featured_media":0,"parent":0,"menu_order":0,"comment_status":"closed","ping_status":"closed","template":"","meta":{"footnotes":""},"class_list":["post-1262","page","type-page","status-publish","hentry"],"yoast_head":"<!-- This site is optimized with the Yoast SEO Premium plugin v21.7 (Yoast SEO v21.7) - https:\/\/yoast.com\/wordpress\/plugins\/seo\/ -->\n<title>GTC\/AGB | Innsbruck Airport Transfer<\/title>\n<meta name=\"description\" content=\"GTC\/AGB\" \/>\n<meta name=\"robots\" content=\"index, follow, max-snippet:-1, max-image-preview:large, max-video-preview:-1\" \/>\n<link rel=\"canonical\" href=\"https:\/\/innairport-transfer.com\/de\/gtc-agb\/\" \/>\n<meta property=\"og:locale\" content=\"de_DE\" \/>\n<meta property=\"og:type\" content=\"article\" \/>\n<meta property=\"og:title\" content=\"GTC\/AGB\" \/>\n<meta property=\"og:description\" content=\"Innsbruck Airport Transfer | INN Airport Transfer\" \/>\n<meta property=\"og:url\" content=\"https:\/\/innairport-transfer.com\/de\/gtc-agb\/\" \/>\n<meta property=\"og:site_name\" content=\"Innsbruck Airport Transfer\" \/>\n<meta property=\"article:modified_time\" content=\"2023-12-28T15:01:48+00:00\" \/>\n<meta property=\"og:image\" content=\"https:\/\/innairport-transfer.com\/wp-content\/uploads\/2023\/07\/logo-1.png\" \/>\n\t<meta property=\"og:image:width\" content=\"1581\" \/>\n\t<meta property=\"og:image:height\" content=\"1171\" \/>\n\t<meta property=\"og:image:type\" content=\"image\/png\" \/>\n<meta name=\"twitter:card\" content=\"summary_large_image\" \/>\n<meta name=\"twitter:label1\" content=\"Gesch\u00e4tzte Lesezeit\" \/>\n\t<meta name=\"twitter:data1\" content=\"5\u00a0Minuten\" \/>\n<script type=\"application\/ld+json\" class=\"yoast-schema-graph\">{\"@context\":\"https:\/\/schema.org\",\"@graph\":[{\"@type\":\"WebPage\",\"@id\":\"https:\/\/innairport-transfer.com\/gtc-agb\/\",\"url\":\"https:\/\/innairport-transfer.com\/gtc-agb\/\",\"name\":\"GTC\/AGB | Innsbruck Airport Transfer\",\"isPartOf\":{\"@id\":\"https:\/\/innairport-transfer.com\/#website\"},\"datePublished\":\"2023-08-26T21:52:07+00:00\",\"dateModified\":\"2023-12-28T15:01:48+00:00\",\"description\":\"GTC\/AGB\",\"breadcrumb\":{\"@id\":\"https:\/\/innairport-transfer.com\/gtc-agb\/#breadcrumb\"},\"inLanguage\":\"de\",\"potentialAction\":[{\"@type\":\"ReadAction\",\"target\":[\"https:\/\/innairport-transfer.com\/gtc-agb\/\"]}]},{\"@type\":\"BreadcrumbList\",\"@id\":\"https:\/\/innairport-transfer.com\/gtc-agb\/#breadcrumb\",\"itemListElement\":[{\"@type\":\"ListItem\",\"position\":1,\"name\":\"Anasayfa\",\"item\":\"https:\/\/innairport-transfer.com\/\"},{\"@type\":\"ListItem\",\"position\":2,\"name\":\"GTC\/AGB\"}]},{\"@type\":\"WebSite\",\"@id\":\"https:\/\/innairport-transfer.com\/#website\",\"url\":\"https:\/\/innairport-transfer.com\/\",\"name\":\"Innsbruck Airport Transfer\",\"description\":\"Innsbruck Airport Transfer | Seamless Innsbruck Airport Taxi\",\"publisher\":{\"@id\":\"https:\/\/innairport-transfer.com\/#organization\"},\"potentialAction\":[{\"@type\":\"SearchAction\",\"target\":{\"@type\":\"EntryPoint\",\"urlTemplate\":\"https:\/\/innairport-transfer.com\/?s={search_term_string}\"},\"query-input\":\"required name=search_term_string\"}],\"inLanguage\":\"de\"},{\"@type\":\"Organization\",\"@id\":\"https:\/\/innairport-transfer.com\/#organization\",\"name\":\"Innsbruck Airport Transfer\",\"alternateName\":\"Flughafentransfer\",\"url\":\"https:\/\/innairport-transfer.com\/\",\"logo\":{\"@type\":\"ImageObject\",\"inLanguage\":\"de\",\"@id\":\"https:\/\/innairport-transfer.com\/#\/schema\/logo\/image\/\",\"url\":\"https:\/\/innairport-transfer.com\/wp-content\/uploads\/2023\/07\/logo-1.png\",\"contentUrl\":\"https:\/\/innairport-transfer.com\/wp-content\/uploads\/2023\/07\/logo-1.png\",\"width\":1581,\"height\":1171,\"caption\":\"Innsbruck Airport Transfer\"},\"image\":{\"@id\":\"https:\/\/innairport-transfer.com\/#\/schema\/logo\/image\/\"}}]}<\/script>\n<!-- \/ Yoast SEO Premium plugin. -->","yoast_head_json":{"title":"GTC\/AGB | Innsbruck Airport Transfer","description":"GTC\/AGB","robots":{"index":"index","follow":"follow","max-snippet":"max-snippet:-1","max-image-preview":"max-image-preview:large","max-video-preview":"max-video-preview:-1"},"canonical":"https:\/\/innairport-transfer.com\/de\/gtc-agb\/","og_locale":"de_DE","og_type":"article","og_title":"GTC\/AGB","og_description":"Innsbruck Airport Transfer | INN Airport Transfer","og_url":"https:\/\/innairport-transfer.com\/de\/gtc-agb\/","og_site_name":"Innsbruck Airport Transfer","article_modified_time":"2023-12-28T15:01:48+00:00","og_image":[{"width":1581,"height":1171,"url":"https:\/\/innairport-transfer.com\/wp-content\/uploads\/2023\/07\/logo-1.png","type":"image\/png"}],"twitter_card":"summary_large_image","twitter_misc":{"Gesch\u00e4tzte Lesezeit":"5\u00a0Minuten"},"schema":{"@context":"https:\/\/schema.org","@graph":[{"@type":"WebPage","@id":"https:\/\/innairport-transfer.com\/gtc-agb\/","url":"https:\/\/innairport-transfer.com\/gtc-agb\/","name":"GTC\/AGB | Innsbruck Airport Transfer","isPartOf":{"@id":"https:\/\/innairport-transfer.com\/#website"},"datePublished":"2023-08-26T21:52:07+00:00","dateModified":"2023-12-28T15:01:48+00:00","description":"GTC\/AGB","breadcrumb":{"@id":"https:\/\/innairport-transfer.com\/gtc-agb\/#breadcrumb"},"inLanguage":"de","potentialAction":[{"@type":"ReadAction","target":["https:\/\/innairport-transfer.com\/gtc-agb\/"]}]},{"@type":"BreadcrumbList","@id":"https:\/\/innairport-transfer.com\/gtc-agb\/#breadcrumb","itemListElement":[{"@type":"ListItem","position":1,"name":"Anasayfa","item":"https:\/\/innairport-transfer.com\/"},{"@type":"ListItem","position":2,"name":"GTC\/AGB"}]},{"@type":"WebSite","@id":"https:\/\/innairport-transfer.com\/#website","url":"https:\/\/innairport-transfer.com\/","name":"Innsbruck Airport Transfer","description":"Innsbruck Airport Transfer | Seamless Innsbruck Airport Taxi","publisher":{"@id":"https:\/\/innairport-transfer.com\/#organization"},"potentialAction":[{"@type":"SearchAction","target":{"@type":"EntryPoint","urlTemplate":"https:\/\/innairport-transfer.com\/?s={search_term_string}"},"query-input":"required name=search_term_string"}],"inLanguage":"de"},{"@type":"Organization","@id":"https:\/\/innairport-transfer.com\/#organization","name":"Innsbruck Airport Transfer","alternateName":"Flughafentransfer","url":"https:\/\/innairport-transfer.com\/","logo":{"@type":"ImageObject","inLanguage":"de","@id":"https:\/\/innairport-transfer.com\/#\/schema\/logo\/image\/","url":"https:\/\/innairport-transfer.com\/wp-content\/uploads\/2023\/07\/logo-1.png","contentUrl":"https:\/\/innairport-transfer.com\/wp-content\/uploads\/2023\/07\/logo-1.png","width":1581,"height":1171,"caption":"Innsbruck Airport Transfer"},"image":{"@id":"https:\/\/innairport-transfer.com\/#\/schema\/logo\/image\/"}}]}},"_links":{"self":[{"href":"https:\/\/innairport-transfer.com\/de\/wp-json\/wp\/v2\/pages\/1262","targetHints":{"allow":["GET"]}}],"collection":[{"href":"https:\/\/innairport-transfer.com\/de\/wp-json\/wp\/v2\/pages"}],"about":[{"href":"https:\/\/innairport-transfer.com\/de\/wp-json\/wp\/v2\/types\/page"}],"author":[{"embeddable":true,"href":"https:\/\/innairport-transfer.com\/de\/wp-json\/wp\/v2\/users\/1"}],"replies":[{"embeddable":true,"href":"https:\/\/innairport-transfer.com\/de\/wp-json\/wp\/v2\/comments?post=1262"}],"version-history":[{"count":3,"href":"https:\/\/innairport-transfer.com\/de\/wp-json\/wp\/v2\/pages\/1262\/revisions"}],"predecessor-version":[{"id":1353,"href":"https:\/\/innairport-transfer.com\/de\/wp-json\/wp\/v2\/pages\/1262\/revisions\/1353"}],"wp:attachment":[{"href":"https:\/\/innairport-transfer.com\/de\/wp-json\/wp\/v2\/media?parent=1262"}],"curies":[{"name":"wp","href":"https:\/\/api.w.org\/{rel}","templated":true}]}}