{"id":6297,"date":"2024-10-17T19:24:19","date_gmt":"2024-10-17T17:24:19","guid":{"rendered":"https:\/\/innairport-transfer.com\/?page_id=6297"},"modified":"2024-10-20T19:14:28","modified_gmt":"2024-10-20T17:14:28","slug":"about-us","status":"publish","type":"page","link":"https:\/\/innairport-transfer.com\/de\/about-us\/","title":{"rendered":"\u00dcber uns"},"content":{"rendered":"<section class=\"wpb-content-wrapper\"><div class=\"wpdl-notice-wrap\"><\/div>\n<div class=\"vc_row wpb_row vc_row-fluid\"><div class=\"wpb_column vc_column_container vc_col-sm-12\"><div class=\"vc_column-inner\"><div class=\"wpb_wrapper\"><div class=\"vc_empty_space\"   style=\"height: 1px\"><span class=\"vc_empty_space_inner\"><\/span><\/div>\n\t<div class=\"wpb_text_column wpb_content_element\" >\n\t\t<div class=\"wpb_wrapper\">\n\t\t\t<h1>\u00dcber uns<\/h1>\n\n\t\t<\/div>\n\t<\/div>\n<\/div><\/div><\/div><\/div><div class=\"vc_row wpb_row vc_row-fluid\"><div class=\"wpb_column vc_column_container vc_col-sm-12\"><div class=\"vc_column-inner\"><div class=\"wpb_wrapper\">\n\t<div class=\"wpb_text_column wpb_content_element\" >\n\t\t<div class=\"wpb_wrapper\">\n\t\t\t<p class=\" translation-block\">Willkommen bei Innairport Transfer, Ihrem professionellen und verl\u00e4sslichen Anbieter f\u00fcr Flughafentransfers in Tirol. Unser Ziel ist es, Ihnen eine entspannte und stressfreie An- und Abreise zu erm\u00f6glichen. Mit unserem Flughafen Transfer Service in Innsbruck sorgen wir daf\u00fcr, dass Sie p\u00fcnktlich und sicher an Ihr Ziel gelangen \u2013 sei es der Flughafen Innsbruck, ein Hotel, eine Ferienwohnung oder ein Gesch\u00e4ftstermin in der Region.<\/p>\n\n\t\t<\/div>\n\t<\/div>\n<\/div><\/div><\/div><\/div><div data-vc-full-width=\"true\" data-vc-full-width-init=\"false\" class=\"vc_row wpb_row vc_row-fluid vc_custom_1729186662889 vc_row-has-fill\"><div class=\"wpb_column vc_column_container vc_col-sm-12\"><div class=\"vc_column-inner\"><div class=\"wpb_wrapper\">\n\t<div  class=\"wpb_single_image wpb_content_element vc_align_left\">\n\t\t\n\t\t<figure class=\"wpb_wrapper vc_figure\">\n\t\t\t<div class=\"vc_single_image-wrapper   vc_box_border_grey\"><img loading=\"lazy\" decoding=\"async\" width=\"870\" height=\"580\" src=\"https:\/\/innairport-transfer.com\/wp-content\/uploads\/2024\/10\/pexels-olly-3771039-1-1024x683.jpg\" class=\"vc_single_image-img attachment-large\" alt=\"\" title=\"pexels-olly-3771039 (1)\" srcset=\"https:\/\/innairport-transfer.com\/wp-content\/uploads\/2024\/10\/pexels-olly-3771039-1-1024x683.jpg 1024w, https:\/\/innairport-transfer.com\/wp-content\/uploads\/2024\/10\/pexels-olly-3771039-1-300x200.jpg 300w, https:\/\/innairport-transfer.com\/wp-content\/uploads\/2024\/10\/pexels-olly-3771039-1-768x512.jpg 768w, https:\/\/innairport-transfer.com\/wp-content\/uploads\/2024\/10\/pexels-olly-3771039-1-1536x1024.jpg 1536w, https:\/\/innairport-transfer.com\/wp-content\/uploads\/2024\/10\/pexels-olly-3771039-1-scaled.jpg 2048w, https:\/\/innairport-transfer.com\/wp-content\/uploads\/2024\/10\/pexels-olly-3771039-1-18x12.jpg 18w\" sizes=\"auto, (max-width: 870px) 100vw, 870px\" \/><\/div>\n\t\t<\/figure>\n\t<\/div>\n<div class=\"vc_empty_space\"   style=\"height: 20px\"><span class=\"vc_empty_space_inner\"><\/span><\/div>\n\t<div class=\"wpb_text_column wpb_content_element\" >\n\t\t<div class=\"wpb_wrapper\">\n\t\t\t<h2>Was uns ausmacht<\/h2>\n\n\t\t<\/div>\n\t<\/div>\n\n\t<div class=\"wpb_text_column wpb_content_element\" >\n\t\t<div class=\"wpb_wrapper\">\n\t\t\t<p class=\" translation-block\">Wir legen besonderen Wert auf P\u00fcnktlichkeit, Komfort und Sicherheit. Unsere luxuri\u00f6sen und modernen Fahrzeuge bieten Ihnen w\u00e4hrend der Fahrt h\u00f6chsten Komfort. Egal, ob Sie alleine, als Familie oder gesch\u00e4ftlich reisen, unsere Flotte besteht aus erstklassigen Limousinen, Minivans und Shuttles, die allen Anspr\u00fcchen gerecht werden.<\/p>\n\n\t\t<\/div>\n\t<\/div>\n<div class=\"vc_empty_space\"   style=\"height: 20px\"><span class=\"vc_empty_space_inner\"><\/span><\/div>\n\t<div class=\"wpb_text_column wpb_content_element\" >\n\t\t<div class=\"wpb_wrapper\">\n\t\t\t<p>Unsere erfahrenen Fahrer sind mehr als nur Chauffeure - sie sind ortskundig und bestens mit den Verkehrsbedingungen in Tirol vertraut. Sie sorgen daf\u00fcr, dass Sie selbst bei starkem Verkehr oder widrigen Wetterverh\u00e4ltnissen stets p\u00fcnktlich ankommen. F\u00fcr uns hat Zuverl\u00e4ssigkeit oberste Priorit\u00e4t \u2013 mit Innairport Transfer verpassen Sie nie einen Flug und kommen rechtzeitig zu Ihren Terminen.<\/p>\n\n\t\t<\/div>\n\t<\/div>\n<\/div><\/div><\/div><\/div><div class=\"vc_row-full-width vc_clearfix\"><\/div><div class=\"vc_row wpb_row vc_row-fluid\"><div class=\"wpb_column vc_column_container vc_col-sm-12\"><div class=\"vc_column-inner\"><div class=\"wpb_wrapper\">\n\t<div  class=\"wpb_single_image wpb_content_element vc_align_right\">\n\t\t\n\t\t<figure class=\"wpb_wrapper vc_figure\">\n\t\t\t<div class=\"vc_single_image-wrapper   vc_box_border_grey\"><img loading=\"lazy\" decoding=\"async\" width=\"1600\" height=\"613\" src=\"https:\/\/innairport-transfer.com\/wp-content\/uploads\/2024\/10\/innairport.jpg\" class=\"vc_single_image-img attachment-full\" alt=\"\" title=\"innairport\" srcset=\"https:\/\/innairport-transfer.com\/wp-content\/uploads\/2024\/10\/innairport.jpg 1600w, https:\/\/innairport-transfer.com\/wp-content\/uploads\/2024\/10\/innairport-300x115.jpg 300w, https:\/\/innairport-transfer.com\/wp-content\/uploads\/2024\/10\/innairport-1024x392.jpg 1024w, https:\/\/innairport-transfer.com\/wp-content\/uploads\/2024\/10\/innairport-768x294.jpg 768w, https:\/\/innairport-transfer.com\/wp-content\/uploads\/2024\/10\/innairport-1536x588.jpg 1536w, https:\/\/innairport-transfer.com\/wp-content\/uploads\/2024\/10\/innairport-18x7.jpg 18w\" sizes=\"auto, (max-width: 1600px) 100vw, 1600px\" \/><\/div>\n\t\t<\/figure>\n\t<\/div>\n<\/div><\/div><\/div><\/div><div class=\"vc_row wpb_row vc_row-fluid\"><div class=\"wpb_column vc_column_container vc_col-sm-12\"><div class=\"vc_column-inner\"><div class=\"wpb_wrapper\"><div class=\"vc_empty_space\"   style=\"height: 32px\"><span class=\"vc_empty_space_inner\"><\/span><\/div><\/div><\/div><\/div><\/div><div class=\"vc_row wpb_row vc_row-fluid\"><div class=\"wpb_column vc_column_container vc_col-sm-12\"><div class=\"vc_column-inner\"><div class=\"wpb_wrapper\">\n\t<div class=\"wpb_text_column wpb_content_element\" >\n\t\t<div class=\"wpb_wrapper\">\n\t\t\t<h2>Airport Transfer Tirol \u2013 Perfekt f\u00fcr Ihren Urlaub oder Gesch\u00e4ftsreise<\/h2>\n\n\t\t<\/div>\n\t<\/div>\n\n\t<div class=\"wpb_text_column wpb_content_element\" >\n\t\t<div class=\"wpb_wrapper\">\n\t\t\t<p class=\" translation-block\">Wir sind Ihr flexibler Partner- ob Sie einen Airport Transfer in Tirol f\u00fcr Ihren Skiurlaub in den Alpen oder eine Gesch\u00e4ftsreise in die Tiroler Hauptstadt ben\u00f6tigen \u2013 wir stehen bereit, um Ihnen den bestm\u00f6glichen Service zu bieten. Profitieren Sie von unserem Flughafen Transfer Innsbruck und lassen Sie sich stilvoll und p\u00fcnktlich abholen oder hinbringen.<\/p>\n<p class=\" translation-block\">Wir wissen, wie wichtig es ist, p\u00fcnktlich zum Flughafen oder Ihrem Zielort zu kommen. Bei Innairport Transfer steht P\u00fcnktlichkeit an oberster Stelle. Unsere Fahrer planen jede Fahrt genau, um sicherzustellen, dass Sie rechtzeitig am Flughafen sind oder p\u00fcnktlich abgeholt werden \u2013 ganz ohne Stress.<\/p>\n\n\t\t<\/div>\n\t<\/div>\n<\/div><\/div><\/div><\/div><div class=\"vc_row wpb_row vc_row-fluid\"><div class=\"wpb_column vc_column_container vc_col-sm-12\"><div class=\"vc_column-inner\"><div class=\"wpb_wrapper\"><div class=\"vc_empty_space\"   style=\"height: 32px\"><span class=\"vc_empty_space_inner\"><\/span><\/div><\/div><\/div><\/div><\/div><div class=\"vc_row wpb_row vc_row-fluid\"><div class=\"wpb_column vc_column_container vc_col-sm-12\"><div class=\"vc_column-inner\"><div class=\"wpb_wrapper\">\n\t<div  class=\"wpb_single_image wpb_content_element vc_align_left  wpb_animate_when_almost_visible wpb_fadeInLeft fadeInLeft\">\n\t\t\n\t\t<figure class=\"wpb_wrapper vc_figure\">\n\t\t\t<div class=\"vc_single_image-wrapper   vc_box_border_grey\"><img loading=\"lazy\" decoding=\"async\" width=\"2048\" height=\"572\" src=\"https:\/\/innairport-transfer.com\/wp-content\/uploads\/2024\/10\/pexels-jaralol-18508270.png\" class=\"vc_single_image-img attachment-full\" alt=\"\" title=\"pexels-jaralol-18508270\" srcset=\"https:\/\/innairport-transfer.com\/wp-content\/uploads\/2024\/10\/pexels-jaralol-18508270.png 2048w, https:\/\/innairport-transfer.com\/wp-content\/uploads\/2024\/10\/pexels-jaralol-18508270-300x84.png 300w, https:\/\/innairport-transfer.com\/wp-content\/uploads\/2024\/10\/pexels-jaralol-18508270-1024x286.png 1024w, https:\/\/innairport-transfer.com\/wp-content\/uploads\/2024\/10\/pexels-jaralol-18508270-768x214.png 768w, https:\/\/innairport-transfer.com\/wp-content\/uploads\/2024\/10\/pexels-jaralol-18508270-1536x429.png 1536w, https:\/\/innairport-transfer.com\/wp-content\/uploads\/2024\/10\/pexels-jaralol-18508270-18x5.png 18w\" sizes=\"auto, (max-width: 2048px) 100vw, 2048px\" \/><\/div>\n\t\t<\/figure>\n\t<\/div>\n<\/div><\/div><\/div><\/div><div class=\"vc_row wpb_row vc_row-fluid\"><div class=\"wpb_column vc_column_container vc_col-sm-12\"><div class=\"vc_column-inner\"><div class=\"wpb_wrapper\">\n\t<div class=\"wpb_text_column wpb_content_element\" >\n\t\t<div class=\"wpb_wrapper\">\n\t\t\t<h2>Entspannt ans Ziel<\/h2>\n\n\t\t<\/div>\n\t<\/div>\n\n\t<div class=\"wpb_text_column wpb_content_element\" >\n\t\t<div class=\"wpb_wrapper\">\n\t\t\t<p class=\" translation-block\">Mit Innairport Transfer genie\u00dfen Sie eine entspannte Fahrt in luxuri\u00f6sen Fahrzeugen. Unsere Fahrzeuge sind mit modernster Technik ausgestattet und bieten h\u00f6chsten Komfort \u2013 vom kostenlosen WLAN bis zur Klimaanlage und ausreichend Platz f\u00fcr Ihr Gep\u00e4ck und Ihre Ski- oder Sportausr\u00fcstung.<\/p>\n\n\t\t<\/div>\n\t<\/div>\n<div class=\"vc_tta-container\" data-vc-action=\"collapse\"><div class=\"vc_general vc_tta vc_tta-tabs vc_tta-color-grey vc_tta-style-classic vc_tta-shape-rounded vc_tta-o-shape-group vc_tta-tabs-position-left vc_tta-controls-align-left  wpb_animate_when_almost_visible wpb_left-to-right left-to-right\"><div class=\"vc_tta-tabs-container\"><ul class=\"vc_tta-tabs-list\"><li class=\"vc_tta-tab vc_active\" data-vc-tab><a href=\"#1690110350773-a8916188-6820\" data-vc-tabs data-vc-container=\".vc_tta\"><span class=\"vc_tta-title-text\">Toyota RAW 4<\/span><\/a><\/li><li class=\"vc_tta-tab\" data-vc-tab><a href=\"#1690110623342-3c43cabc-861b\" data-vc-tabs data-vc-container=\".vc_tta\"><span class=\"vc_tta-title-text\">Mercedes E Class<\/span><\/a><\/li><li class=\"vc_tta-tab\" data-vc-tab><a href=\"#1690110350774-319daa8d-9011\" data-vc-tabs data-vc-container=\".vc_tta\"><span class=\"vc_tta-title-text\">Mercedes Vito<\/span><\/a><\/li><\/ul><\/div><div class=\"vc_tta-panels-container\"><div class=\"vc_tta-panels\"><div class=\"vc_tta-panel vc_active\" id=\"1690110350773-a8916188-6820\" data-vc-content=\".vc_tta-panel-body\"><div class=\"vc_tta-panel-heading\"><h4 class=\"vc_tta-panel-title\"><a href=\"#1690110350773-a8916188-6820\" data-vc-accordion data-vc-container=\".vc_tta-container\"><span class=\"vc_tta-title-text\">Toyota RAW 4<\/span><\/a><\/h4><\/div><div class=\"vc_tta-panel-body\">\n\t<div  class=\"wpb_single_image wpb_content_element vc_align_center  vc_custom_1729193393193\">\n\t\t\n\t\t<figure class=\"wpb_wrapper vc_figure\">\n\t\t\t<div class=\"vc_single_image-wrapper   vc_box_border_grey\"><img loading=\"lazy\" decoding=\"async\" width=\"680\" height=\"349\" src=\"https:\/\/innairport-transfer.com\/wp-content\/uploads\/2023\/07\/toyota.png\" class=\"vc_single_image-img attachment-large\" alt=\"Toyota\" title=\"toyota\" srcset=\"https:\/\/innairport-transfer.com\/wp-content\/uploads\/2023\/07\/toyota.png 680w, https:\/\/innairport-transfer.com\/wp-content\/uploads\/2023\/07\/toyota-300x154.png 300w, https:\/\/innairport-transfer.com\/wp-content\/uploads\/2023\/07\/toyota-18x9.png 18w\" sizes=\"auto, (max-width: 680px) 100vw, 680px\" \/><\/div>\n\t\t<\/figure>\n\t<\/div>\n<\/div><\/div><div class=\"vc_tta-panel\" id=\"1690110623342-3c43cabc-861b\" data-vc-content=\".vc_tta-panel-body\"><div class=\"vc_tta-panel-heading\"><h4 class=\"vc_tta-panel-title\"><a href=\"#1690110623342-3c43cabc-861b\" data-vc-accordion data-vc-container=\".vc_tta-container\"><span class=\"vc_tta-title-text\">Mercedes E Class<\/span><\/a><\/h4><\/div><div class=\"vc_tta-panel-body\">\n\t<div  class=\"wpb_single_image wpb_content_element vc_align_center\">\n\t\t\n\t\t<figure class=\"wpb_wrapper vc_figure\">\n\t\t\t<div class=\"vc_single_image-wrapper   vc_box_border_grey\"><img loading=\"lazy\" decoding=\"async\" width=\"640\" height=\"480\" src=\"https:\/\/innairport-transfer.com\/wp-content\/uploads\/2023\/07\/mercedes.png\" class=\"vc_single_image-img attachment-large\" alt=\"Mercedes\" title=\"mercedes\" srcset=\"https:\/\/innairport-transfer.com\/wp-content\/uploads\/2023\/07\/mercedes.png 640w, https:\/\/innairport-transfer.com\/wp-content\/uploads\/2023\/07\/mercedes-300x225.png 300w, https:\/\/innairport-transfer.com\/wp-content\/uploads\/2023\/07\/mercedes-16x12.png 16w, https:\/\/innairport-transfer.com\/wp-content\/uploads\/2023\/07\/mercedes-400x300.png 400w, https:\/\/innairport-transfer.com\/wp-content\/uploads\/2023\/07\/mercedes-100x75.png 100w\" sizes=\"auto, (max-width: 640px) 100vw, 640px\" \/><\/div>\n\t\t<\/figure>\n\t<\/div>\n<\/div><\/div><div class=\"vc_tta-panel\" id=\"1690110350774-319daa8d-9011\" data-vc-content=\".vc_tta-panel-body\"><div class=\"vc_tta-panel-heading\"><h4 class=\"vc_tta-panel-title\"><a href=\"#1690110350774-319daa8d-9011\" data-vc-accordion data-vc-container=\".vc_tta-container\"><span class=\"vc_tta-title-text\">Mercedes Vito<\/span><\/a><\/h4><\/div><div class=\"vc_tta-panel-body\">\n\t<div  class=\"wpb_single_image wpb_content_element vc_align_center\">\n\t\t\n\t\t<figure class=\"wpb_wrapper vc_figure\">\n\t\t\t<div class=\"vc_single_image-wrapper   vc_box_border_grey\"><img loading=\"lazy\" decoding=\"async\" width=\"800\" height=\"451\" src=\"https:\/\/innairport-transfer.com\/wp-content\/uploads\/2023\/07\/vito.png\" class=\"vc_single_image-img attachment-large\" alt=\"Mercedes Vito\" title=\"vito\" srcset=\"https:\/\/innairport-transfer.com\/wp-content\/uploads\/2023\/07\/vito.png 800w, https:\/\/innairport-transfer.com\/wp-content\/uploads\/2023\/07\/vito-300x169.png 300w, https:\/\/innairport-transfer.com\/wp-content\/uploads\/2023\/07\/vito-768x433.png 768w, https:\/\/innairport-transfer.com\/wp-content\/uploads\/2023\/07\/vito-18x10.png 18w\" sizes=\"auto, (max-width: 800px) 100vw, 800px\" \/><\/div>\n\t\t<\/figure>\n\t<\/div>\n<\/div><\/div><\/div><\/div><\/div><\/div><div class=\"vc_empty_space\"   style=\"height: 32px\"><span class=\"vc_empty_space_inner\"><\/span><\/div><\/div><\/div><\/div><\/div><div class=\"vc_row wpb_row vc_row-fluid\"><div class=\"wpb_column vc_column_container vc_col-sm-12\"><div class=\"vc_column-inner\"><div class=\"wpb_wrapper\"><div class=\"vc_empty_space\"   style=\"height: 50px\"><span class=\"vc_empty_space_inner\"><\/span><\/div><\/div><\/div><\/div><\/div><div data-vc-full-width=\"true\" data-vc-full-width-init=\"false\" class=\"vc_row wpb_row vc_row-fluid vc_custom_1729194230833 vc_row-has-fill\"><div class=\"wpb_column vc_column_container vc_col-sm-12\"><div class=\"vc_column-inner\"><div class=\"wpb_wrapper\"><div class=\"vc_row wpb_row vc_inner vc_row-fluid\"><div class=\"wpb_column vc_column_container vc_col-sm-12\"><div class=\"vc_column-inner\"><div class=\"wpb_wrapper\">\n\t<div class=\"wpb_text_column wpb_content_element\" >\n\t\t<div class=\"wpb_wrapper\">\n\t\t\t<h2>Fahrt buchen, zur\u00fccklehnen und genie\u00dfen<\/h2>\n\n\t\t<\/div>\n\t<\/div>\n\n\t<div class=\"wpb_text_column wpb_content_element\" >\n\t\t<div class=\"wpb_wrapper\">\n\t\t\t<p>Buchen Sie noch heute Ihren Flughafen Transfer in Tirol und erleben Sie den erstklassigen Service von Innairport Transfer. Wir freuen uns darauf, Ihre n\u00e4chste Fahrt so angenehm wie m\u00f6glich zu gestalten \u2013 p\u00fcnktlich, luxuri\u00f6s und sicher.<\/p>\n\n\t\t<\/div>\n\t<\/div>\n<div class=\"vc_btn3-container vc_btn3-inline\" ><a class=\"vc_general vc_btn3 vc_btn3-size-md vc_btn3-shape-rounded vc_btn3-style-modern vc_btn3-color-grey\" href=\"https:\/\/innairport-transfer.com\/de\/#reservation_body\" title=\"\">Jetzt buchen<\/a><\/div><\/div><\/div><\/div><\/div><\/div><\/div><\/div><\/div><div class=\"vc_row-full-width vc_clearfix\"><\/div><div class=\"wpb_column vc_column_container vc_col-sm-12 vc_col-xs-12\"><div class=\"vc_column-inner\"><div class=\"wpb_wrapper\"><\/div><\/div><\/div>\n<\/section>","protected":false},"excerpt":{"rendered":"About Us Welcome to Innairport Transfer, your professional and reliable provider for airport transfers in Tyrol. Our goal is to ensure a relaxed and stress-free arrival and departure. With our airport transfer service in Innsbruck, we make sure you reach your destination punctually and safely\u2014whether it's Innsbruck Airport, a hotel, a vacation apartment, or a [...]","protected":false},"author":1,"featured_media":0,"parent":0,"menu_order":0,"comment_status":"closed","ping_status":"closed","template":"","meta":{"footnotes":""},"class_list":["post-6297","page","type-page","status-publish","hentry"],"yoast_head":"<!-- This site is optimized with the Yoast SEO Premium plugin v21.7 (Yoast SEO v21.7) - https:\/\/yoast.com\/wordpress\/plugins\/seo\/ -->\n<title>About Us | Innsbruck Airport Transfer<\/title>\n<meta name=\"description\" content=\"Innsbruck Airport Transfer\" \/>\n<meta name=\"robots\" content=\"index, follow, max-snippet:-1, max-image-preview:large, max-video-preview:-1\" \/>\n<link rel=\"canonical\" href=\"https:\/\/innairport-transfer.com\/de\/about-us\/\" \/>\n<meta property=\"og:locale\" content=\"de_DE\" \/>\n<meta property=\"og:type\" content=\"article\" \/>\n<meta property=\"og:title\" content=\"About Us\" \/>\n<meta property=\"og:description\" content=\"Innsbruck Airport Transfer | INN Airport Transfer\" \/>\n<meta property=\"og:url\" content=\"https:\/\/innairport-transfer.com\/de\/about-us\/\" \/>\n<meta property=\"og:site_name\" content=\"Innsbruck Airport Transfer\" \/>\n<meta property=\"article:modified_time\" content=\"2024-10-20T17:14:28+00:00\" \/>\n<meta property=\"og:image\" content=\"https:\/\/innairport-transfer.com\/wp-content\/uploads\/2023\/07\/logo-1.png\" \/>\n\t<meta property=\"og:image:width\" content=\"1581\" \/>\n\t<meta property=\"og:image:height\" content=\"1171\" \/>\n\t<meta property=\"og:image:type\" content=\"image\/png\" \/>\n<meta name=\"twitter:card\" content=\"summary_large_image\" \/>\n<meta name=\"twitter:label1\" content=\"Gesch\u00e4tzte Lesezeit\" \/>\n\t<meta name=\"twitter:data1\" content=\"3\u00a0Minuten\" \/>\n<script type=\"application\/ld+json\" class=\"yoast-schema-graph\">{\"@context\":\"https:\/\/schema.org\",\"@graph\":[{\"@type\":\"WebPage\",\"@id\":\"https:\/\/innairport-transfer.com\/about-us\/\",\"url\":\"https:\/\/innairport-transfer.com\/about-us\/\",\"name\":\"About Us | Innsbruck Airport Transfer\",\"isPartOf\":{\"@id\":\"https:\/\/innairport-transfer.com\/#website\"},\"datePublished\":\"2024-10-17T17:24:19+00:00\",\"dateModified\":\"2024-10-20T17:14:28+00:00\",\"description\":\"Innsbruck Airport Transfer\",\"breadcrumb\":{\"@id\":\"https:\/\/innairport-transfer.com\/about-us\/#breadcrumb\"},\"inLanguage\":\"de\",\"potentialAction\":[{\"@type\":\"ReadAction\",\"target\":[\"https:\/\/innairport-transfer.com\/about-us\/\"]}]},{\"@type\":\"BreadcrumbList\",\"@id\":\"https:\/\/innairport-transfer.com\/about-us\/#breadcrumb\",\"itemListElement\":[{\"@type\":\"ListItem\",\"position\":1,\"name\":\"Anasayfa\",\"item\":\"https:\/\/innairport-transfer.com\/\"},{\"@type\":\"ListItem\",\"position\":2,\"name\":\"About Us\"}]},{\"@type\":\"WebSite\",\"@id\":\"https:\/\/innairport-transfer.com\/#website\",\"url\":\"https:\/\/innairport-transfer.com\/\",\"name\":\"Innsbruck Airport Transfer\",\"description\":\"Innsbruck Airport Transfer | Seamless Innsbruck Airport Taxi\",\"publisher\":{\"@id\":\"https:\/\/innairport-transfer.com\/#organization\"},\"potentialAction\":[{\"@type\":\"SearchAction\",\"target\":{\"@type\":\"EntryPoint\",\"urlTemplate\":\"https:\/\/innairport-transfer.com\/?s={search_term_string}\"},\"query-input\":\"required name=search_term_string\"}],\"inLanguage\":\"de\"},{\"@type\":\"Organization\",\"@id\":\"https:\/\/innairport-transfer.com\/#organization\",\"name\":\"Innsbruck Airport Transfer\",\"alternateName\":\"Flughafentransfer\",\"url\":\"https:\/\/innairport-transfer.com\/\",\"logo\":{\"@type\":\"ImageObject\",\"inLanguage\":\"de\",\"@id\":\"https:\/\/innairport-transfer.com\/#\/schema\/logo\/image\/\",\"url\":\"https:\/\/innairport-transfer.com\/wp-content\/uploads\/2023\/07\/logo-1.png\",\"contentUrl\":\"https:\/\/innairport-transfer.com\/wp-content\/uploads\/2023\/07\/logo-1.png\",\"width\":1581,\"height\":1171,\"caption\":\"Innsbruck Airport Transfer\"},\"image\":{\"@id\":\"https:\/\/innairport-transfer.com\/#\/schema\/logo\/image\/\"}}]}<\/script>\n<!-- \/ Yoast SEO Premium plugin. -->","yoast_head_json":{"title":"About Us | Innsbruck Airport Transfer","description":"Innsbruck Airport Transfer","robots":{"index":"index","follow":"follow","max-snippet":"max-snippet:-1","max-image-preview":"max-image-preview:large","max-video-preview":"max-video-preview:-1"},"canonical":"https:\/\/innairport-transfer.com\/de\/about-us\/","og_locale":"de_DE","og_type":"article","og_title":"About Us","og_description":"Innsbruck Airport Transfer | INN Airport Transfer","og_url":"https:\/\/innairport-transfer.com\/de\/about-us\/","og_site_name":"Innsbruck Airport Transfer","article_modified_time":"2024-10-20T17:14:28+00:00","og_image":[{"width":1581,"height":1171,"url":"https:\/\/innairport-transfer.com\/wp-content\/uploads\/2023\/07\/logo-1.png","type":"image\/png"}],"twitter_card":"summary_large_image","twitter_misc":{"Gesch\u00e4tzte Lesezeit":"3\u00a0Minuten"},"schema":{"@context":"https:\/\/schema.org","@graph":[{"@type":"WebPage","@id":"https:\/\/innairport-transfer.com\/about-us\/","url":"https:\/\/innairport-transfer.com\/about-us\/","name":"About Us | Innsbruck Airport Transfer","isPartOf":{"@id":"https:\/\/innairport-transfer.com\/#website"},"datePublished":"2024-10-17T17:24:19+00:00","dateModified":"2024-10-20T17:14:28+00:00","description":"Innsbruck Airport Transfer","breadcrumb":{"@id":"https:\/\/innairport-transfer.com\/about-us\/#breadcrumb"},"inLanguage":"de","potentialAction":[{"@type":"ReadAction","target":["https:\/\/innairport-transfer.com\/about-us\/"]}]},{"@type":"BreadcrumbList","@id":"https:\/\/innairport-transfer.com\/about-us\/#breadcrumb","itemListElement":[{"@type":"ListItem","position":1,"name":"Anasayfa","item":"https:\/\/innairport-transfer.com\/"},{"@type":"ListItem","position":2,"name":"About Us"}]},{"@type":"WebSite","@id":"https:\/\/innairport-transfer.com\/#website","url":"https:\/\/innairport-transfer.com\/","name":"Innsbruck Airport Transfer","description":"Innsbruck Airport Transfer | Seamless Innsbruck Airport Taxi","publisher":{"@id":"https:\/\/innairport-transfer.com\/#organization"},"potentialAction":[{"@type":"SearchAction","target":{"@type":"EntryPoint","urlTemplate":"https:\/\/innairport-transfer.com\/?s={search_term_string}"},"query-input":"required name=search_term_string"}],"inLanguage":"de"},{"@type":"Organization","@id":"https:\/\/innairport-transfer.com\/#organization","name":"Innsbruck Airport Transfer","alternateName":"Flughafentransfer","url":"https:\/\/innairport-transfer.com\/","logo":{"@type":"ImageObject","inLanguage":"de","@id":"https:\/\/innairport-transfer.com\/#\/schema\/logo\/image\/","url":"https:\/\/innairport-transfer.com\/wp-content\/uploads\/2023\/07\/logo-1.png","contentUrl":"https:\/\/innairport-transfer.com\/wp-content\/uploads\/2023\/07\/logo-1.png","width":1581,"height":1171,"caption":"Innsbruck Airport Transfer"},"image":{"@id":"https:\/\/innairport-transfer.com\/#\/schema\/logo\/image\/"}}]}},"_links":{"self":[{"href":"https:\/\/innairport-transfer.com\/de\/wp-json\/wp\/v2\/pages\/6297","targetHints":{"allow":["GET"]}}],"collection":[{"href":"https:\/\/innairport-transfer.com\/de\/wp-json\/wp\/v2\/pages"}],"about":[{"href":"https:\/\/innairport-transfer.com\/de\/wp-json\/wp\/v2\/types\/page"}],"author":[{"embeddable":true,"href":"https:\/\/innairport-transfer.com\/de\/wp-json\/wp\/v2\/users\/1"}],"replies":[{"embeddable":true,"href":"https:\/\/innairport-transfer.com\/de\/wp-json\/wp\/v2\/comments?post=6297"}],"version-history":[{"count":31,"href":"https:\/\/innairport-transfer.com\/de\/wp-json\/wp\/v2\/pages\/6297\/revisions"}],"predecessor-version":[{"id":6355,"href":"https:\/\/innairport-transfer.com\/de\/wp-json\/wp\/v2\/pages\/6297\/revisions\/6355"}],"wp:attachment":[{"href":"https:\/\/innairport-transfer.com\/de\/wp-json\/wp\/v2\/media?parent=6297"}],"curies":[{"name":"wp","href":"https:\/\/api.w.org\/{rel}","templated":true}]}}