{"id":993,"date":"2023-07-20T17:44:53","date_gmt":"2023-07-20T15:44:53","guid":{"rendered":"https:\/\/innairport-transfer.com\/terms-and-conditions\/"},"modified":"2023-12-28T16:02:21","modified_gmt":"2023-12-28T15:02:21","slug":"terms-and-conditions","status":"publish","type":"page","link":"https:\/\/innairport-transfer.com\/de\/terms-and-conditions\/","title":{"rendered":"Impressum"},"content":{"rendered":"<div class=\"wpdl-notice-wrap\"><\/div>\n<p class=\"has-text-align-center\" style=\"font-size:32px\"><strong>Angaben gem\u00e4\u00df \u00a75 E-Commerce Gesetz, \u00a714 Unternehmensgesetzbuch,<\/strong><br><strong>\u00a763 Gewerbeordnung und Offenlegungspflicht laut \u00a725 Mediengesetz.<\/strong><\/p>\n\n\n\n<p><br>Erkan Aslan<br>General-Eccher-Stra\u00dfe 21 \/ 66<br>6020 Innsbruck<\/p>\n\n\n\n<p><strong>Kontakt<\/strong><br>Telefon: +43 676 7006629<br>E-Mail: info@innairport-transfer.com<\/p>\n\n\n\n<p><strong>Umsatzsteuer-ID<\/strong><br>Umsatzsteuer-Identifikationsnummer<br>Umsatzsteuergesetz:<br><strong>ATU76705013<br><\/strong><br><strong>Berufsbezeichnung und berufsrechtliche Regelungen<\/strong><\/p>\n\n\n\n<p><strong>Berufsbezeichnung<\/strong><br>Taxiunternehmen<\/p>\n\n\n\n<p><strong>Unternehmensgegenstand:<\/strong><br><strong>Zust\u00e4ndige Kammer:<\/strong><br>Wirtschaftskammer Tirol<br>Wilhelm-Greil-Stra\u00dfe 7<br>6020 Innsbruck<\/p>\n\n\n\n<p><strong>Aufsichtsbeh\u00f6rde: <\/strong>Bezirkshauptmannschaft Innsbruck<\/p>\n\n\n\n<p><strong>Gewerbeordnung:<\/strong> www.ris.bka.gv.at<\/p>\n\n\n\n<p><strong>Verliehen in: <\/strong>\u00d6sterreich<br><br><br><strong>Haftung f\u00fcr Inhalte, Links und Bilder der Website<\/strong><br>Wir arbeiten kontinuierlich an der Weiterentwicklung des Inhalts dieser Website und streben danach, genaue und aktuelle Informationen bereitzustellen. Wir m\u00f6chten jedoch darauf hinweisen, dass wir keine Garantie f\u00fcr die Richtigkeit s\u00e4mtlicher Inhalte auf dieser Website \u00fcbernehmen k\u00f6nnen, insbesondere f\u00fcr solche, die von Dritten bereitgestellt wurden.Wir verweisen auf externe Links und m\u00f6chten darauf hinweisen, dass wir keine Gew\u00e4hr f\u00fcr die Genauigkeit s\u00e4mtlicher Inhalte von solchen Links \u00fcbernehmen k\u00f6nnen. Alle Texte und Grafiken (Bilder, Fotos und Videos) auf dieser Website sind urheberrechtlich gesch\u00fctzt. Einige der Grafiken werden uns von Freepik zur Verf\u00fcgung gestellt, und die entsprechenden Bildrechte liegen bei freepik.com. Falls Sie auf unserer Website auf rechtswidrige Inhalte, Links und Bilder sto\u00dfen, bitten wir Sie h\u00f6flichst, sich umgehend mit uns in Verbindung zu setzen, damit wir unverz\u00fcglich Ma\u00dfnahmen zur Entfernung dieser Inhalte ergreifen k\u00f6nnen. Unsere Kontaktdaten finden Sie oben im<br>Impressum.<br>&nbsp;<\/p>\n\n\n\n<p><strong>EU-Streitschlichtung<\/strong><br>Die Europ\u00e4ische Kommission stellt eine Plattform zur Online-Streitbeilegung (OS) bereit:&nbsp;https:\/\/ec.europa.eu\/consumers\/odr\/.<br>Unsere E-Mail-Adresse finden Sie oben im Impressum.<\/p>\n\n\n\n<p><strong>Verbraucher\u00adstreit\u00adbeilegung\/Universal\u00adschlichtungs\u00adstelle<\/strong><\/p>\n\n\n\n<p>Wir sind nicht bereit oder verpflichtet, an Streitbeilegungsverfahren vor einer Verbraucherschlichtungsstelle teilzunehmen.&nbsp;<\/p>","protected":false},"excerpt":{"rendered":"<p>Angaben gem\u00e4\u00df \u00a75 E-Commerce Gesetz, \u00a714 Unternehmensgesetzbuch,\u00a763 Gewerbeordnung und Offenlegungspflicht laut \u00a725 Mediengesetz. Erkan AslanGeneral-Eccher-Stra\u00dfe 21 \/ 666020 Innsbruck KontaktTelefon: +43 676 7006629E-Mail: info@innairport-transfer.com Umsatzsteuer-IDUmsatzsteuer-IdentifikationsnummerUmsatzsteuergesetz:ATU76705013Berufsbezeichnung und berufsrechtliche Regelungen BerufsbezeichnungTaxiunternehmen Unternehmensgegenstand:Zust\u00e4ndige Kammer:Wirtschaftskammer TirolWilhelm-Greil-Stra\u00dfe 76020 Innsbruck Aufsichtsbeh\u00f6rde: Bezirkshauptmannschaft Innsbruck Gewerbeordnung: www.ris.bka.gv.at Verliehen in: \u00d6sterreich Haftung f\u00fcr Inhalte, Links und Bilder der WebsiteWir arbeiten kontinuierlich an der Weiterentwicklung [&hellip;]<\/p>","protected":false},"author":1,"featured_media":0,"parent":0,"menu_order":0,"comment_status":"closed","ping_status":"closed","template":"","meta":{"footnotes":""},"class_list":["post-993","page","type-page","status-publish","hentry"],"yoast_head":"<!-- This site is optimized with the Yoast SEO Premium plugin v21.7 (Yoast SEO v21.7) - https:\/\/yoast.com\/wordpress\/plugins\/seo\/ -->\n<title>Impressum | Innsbruck Airport Transfer<\/title>\n<meta name=\"description\" content=\"impressum\" \/>\n<meta name=\"robots\" content=\"index, follow, max-snippet:-1, max-image-preview:large, max-video-preview:-1\" \/>\n<link rel=\"canonical\" href=\"https:\/\/innairport-transfer.com\/de\/terms-and-conditions\/\" \/>\n<meta property=\"og:locale\" content=\"de_DE\" \/>\n<meta property=\"og:type\" content=\"article\" \/>\n<meta property=\"og:title\" content=\"Impressum\" \/>\n<meta property=\"og:description\" content=\"Innsbruck Airport Transfer | INN Airport Transfer\" \/>\n<meta property=\"og:url\" content=\"https:\/\/innairport-transfer.com\/de\/terms-and-conditions\/\" \/>\n<meta property=\"og:site_name\" content=\"Innsbruck Airport Transfer\" \/>\n<meta property=\"article:modified_time\" content=\"2023-12-28T15:02:21+00:00\" \/>\n<meta property=\"og:image\" content=\"https:\/\/innairport-transfer.com\/wp-content\/uploads\/2023\/07\/logo-1.png\" \/>\n\t<meta property=\"og:image:width\" content=\"1581\" \/>\n\t<meta property=\"og:image:height\" content=\"1171\" \/>\n\t<meta property=\"og:image:type\" content=\"image\/png\" \/>\n<meta name=\"twitter:card\" content=\"summary_large_image\" \/>\n<meta name=\"twitter:label1\" content=\"Gesch\u00e4tzte Lesezeit\" \/>\n\t<meta name=\"twitter:data1\" content=\"2\u00a0Minuten\" \/>\n<script type=\"application\/ld+json\" class=\"yoast-schema-graph\">{\"@context\":\"https:\/\/schema.org\",\"@graph\":[{\"@type\":\"WebPage\",\"@id\":\"https:\/\/innairport-transfer.com\/terms-and-conditions\/\",\"url\":\"https:\/\/innairport-transfer.com\/terms-and-conditions\/\",\"name\":\"Impressum | Innsbruck Airport Transfer\",\"isPartOf\":{\"@id\":\"https:\/\/innairport-transfer.com\/#website\"},\"datePublished\":\"2023-07-20T15:44:53+00:00\",\"dateModified\":\"2023-12-28T15:02:21+00:00\",\"description\":\"impressum\",\"breadcrumb\":{\"@id\":\"https:\/\/innairport-transfer.com\/terms-and-conditions\/#breadcrumb\"},\"inLanguage\":\"de\",\"potentialAction\":[{\"@type\":\"ReadAction\",\"target\":[\"https:\/\/innairport-transfer.com\/terms-and-conditions\/\"]}]},{\"@type\":\"BreadcrumbList\",\"@id\":\"https:\/\/innairport-transfer.com\/terms-and-conditions\/#breadcrumb\",\"itemListElement\":[{\"@type\":\"ListItem\",\"position\":1,\"name\":\"Anasayfa\",\"item\":\"https:\/\/innairport-transfer.com\/\"},{\"@type\":\"ListItem\",\"position\":2,\"name\":\"Impressum\"}]},{\"@type\":\"WebSite\",\"@id\":\"https:\/\/innairport-transfer.com\/#website\",\"url\":\"https:\/\/innairport-transfer.com\/\",\"name\":\"Innsbruck Airport Transfer\",\"description\":\"Innsbruck Airport Transfer | Seamless Innsbruck Airport Taxi\",\"publisher\":{\"@id\":\"https:\/\/innairport-transfer.com\/#organization\"},\"potentialAction\":[{\"@type\":\"SearchAction\",\"target\":{\"@type\":\"EntryPoint\",\"urlTemplate\":\"https:\/\/innairport-transfer.com\/?s={search_term_string}\"},\"query-input\":\"required name=search_term_string\"}],\"inLanguage\":\"de\"},{\"@type\":\"Organization\",\"@id\":\"https:\/\/innairport-transfer.com\/#organization\",\"name\":\"Innsbruck Airport Transfer\",\"alternateName\":\"Flughafentransfer\",\"url\":\"https:\/\/innairport-transfer.com\/\",\"logo\":{\"@type\":\"ImageObject\",\"inLanguage\":\"de\",\"@id\":\"https:\/\/innairport-transfer.com\/#\/schema\/logo\/image\/\",\"url\":\"https:\/\/innairport-transfer.com\/wp-content\/uploads\/2023\/07\/logo-1.png\",\"contentUrl\":\"https:\/\/innairport-transfer.com\/wp-content\/uploads\/2023\/07\/logo-1.png\",\"width\":1581,\"height\":1171,\"caption\":\"Innsbruck Airport Transfer\"},\"image\":{\"@id\":\"https:\/\/innairport-transfer.com\/#\/schema\/logo\/image\/\"}}]}<\/script>\n<!-- \/ Yoast SEO Premium plugin. -->","yoast_head_json":{"title":"Impressum | Innsbruck Airport Transfer","description":"impressum","robots":{"index":"index","follow":"follow","max-snippet":"max-snippet:-1","max-image-preview":"max-image-preview:large","max-video-preview":"max-video-preview:-1"},"canonical":"https:\/\/innairport-transfer.com\/de\/terms-and-conditions\/","og_locale":"de_DE","og_type":"article","og_title":"Impressum","og_description":"Innsbruck Airport Transfer | INN Airport Transfer","og_url":"https:\/\/innairport-transfer.com\/de\/terms-and-conditions\/","og_site_name":"Innsbruck Airport Transfer","article_modified_time":"2023-12-28T15:02:21+00:00","og_image":[{"width":1581,"height":1171,"url":"https:\/\/innairport-transfer.com\/wp-content\/uploads\/2023\/07\/logo-1.png","type":"image\/png"}],"twitter_card":"summary_large_image","twitter_misc":{"Gesch\u00e4tzte Lesezeit":"2\u00a0Minuten"},"schema":{"@context":"https:\/\/schema.org","@graph":[{"@type":"WebPage","@id":"https:\/\/innairport-transfer.com\/terms-and-conditions\/","url":"https:\/\/innairport-transfer.com\/terms-and-conditions\/","name":"Impressum | Innsbruck Airport Transfer","isPartOf":{"@id":"https:\/\/innairport-transfer.com\/#website"},"datePublished":"2023-07-20T15:44:53+00:00","dateModified":"2023-12-28T15:02:21+00:00","description":"impressum","breadcrumb":{"@id":"https:\/\/innairport-transfer.com\/terms-and-conditions\/#breadcrumb"},"inLanguage":"de","potentialAction":[{"@type":"ReadAction","target":["https:\/\/innairport-transfer.com\/terms-and-conditions\/"]}]},{"@type":"BreadcrumbList","@id":"https:\/\/innairport-transfer.com\/terms-and-conditions\/#breadcrumb","itemListElement":[{"@type":"ListItem","position":1,"name":"Anasayfa","item":"https:\/\/innairport-transfer.com\/"},{"@type":"ListItem","position":2,"name":"Impressum"}]},{"@type":"WebSite","@id":"https:\/\/innairport-transfer.com\/#website","url":"https:\/\/innairport-transfer.com\/","name":"Innsbruck Airport Transfer","description":"Innsbruck Airport Transfer | Seamless Innsbruck Airport Taxi","publisher":{"@id":"https:\/\/innairport-transfer.com\/#organization"},"potentialAction":[{"@type":"SearchAction","target":{"@type":"EntryPoint","urlTemplate":"https:\/\/innairport-transfer.com\/?s={search_term_string}"},"query-input":"required name=search_term_string"}],"inLanguage":"de"},{"@type":"Organization","@id":"https:\/\/innairport-transfer.com\/#organization","name":"Innsbruck Airport Transfer","alternateName":"Flughafentransfer","url":"https:\/\/innairport-transfer.com\/","logo":{"@type":"ImageObject","inLanguage":"de","@id":"https:\/\/innairport-transfer.com\/#\/schema\/logo\/image\/","url":"https:\/\/innairport-transfer.com\/wp-content\/uploads\/2023\/07\/logo-1.png","contentUrl":"https:\/\/innairport-transfer.com\/wp-content\/uploads\/2023\/07\/logo-1.png","width":1581,"height":1171,"caption":"Innsbruck Airport Transfer"},"image":{"@id":"https:\/\/innairport-transfer.com\/#\/schema\/logo\/image\/"}}]}},"_links":{"self":[{"href":"https:\/\/innairport-transfer.com\/de\/wp-json\/wp\/v2\/pages\/993","targetHints":{"allow":["GET"]}}],"collection":[{"href":"https:\/\/innairport-transfer.com\/de\/wp-json\/wp\/v2\/pages"}],"about":[{"href":"https:\/\/innairport-transfer.com\/de\/wp-json\/wp\/v2\/types\/page"}],"author":[{"embeddable":true,"href":"https:\/\/innairport-transfer.com\/de\/wp-json\/wp\/v2\/users\/1"}],"replies":[{"embeddable":true,"href":"https:\/\/innairport-transfer.com\/de\/wp-json\/wp\/v2\/comments?post=993"}],"version-history":[{"count":9,"href":"https:\/\/innairport-transfer.com\/de\/wp-json\/wp\/v2\/pages\/993\/revisions"}],"predecessor-version":[{"id":1354,"href":"https:\/\/innairport-transfer.com\/de\/wp-json\/wp\/v2\/pages\/993\/revisions\/1354"}],"wp:attachment":[{"href":"https:\/\/innairport-transfer.com\/de\/wp-json\/wp\/v2\/media?parent=993"}],"curies":[{"name":"wp","href":"https:\/\/api.w.org\/{rel}","templated":true}]}}